{"id":28,"date":"2023-08-14T15:13:07","date_gmt":"2023-08-14T08:13:07","guid":{"rendered":"https:\/\/m88.social\/?page_id=28"},"modified":"2024-09-03T15:51:58","modified_gmt":"2024-09-03T08:51:58","slug":"dieu-khoan-va-dieu-kien","status":"publish","type":"page","link":"https:\/\/sicilytourist.net\/vi\/dieu-khoan-va-dieu-kien\/","title":{"rendered":"Nh\u1eefng \u0110i\u1ec1u Kho\u1ea3n V\u00e0 \u0110i\u1ec1u Ki\u1ec7n Ng\u01b0\u1eddi Ch\u01a1i C\u1ea7n Bi\u1ebft"},"content":{"rendered":"\r\n<h1 class=\"wp-block-heading\" style=\"text-align: center;\"><strong>Nh\u1eefng \u0110i\u1ec1u Kho\u1ea3n V\u00e0 \u0110i\u1ec1u Ki\u1ec7n Ng\u01b0\u1eddi Ch\u01a1i C\u1ea7n Bi\u1ebft<\/strong><\/h1>\r\n\r\n\r\n\r\n<p><em>Ch\u00e0o m\u1eebng b\u1ea1n \u0111\u1ebfn v\u1edbi trang web c\u1ee7a ch\u00fang t\u00f4i M88. v\u1edbi nh\u1eefng Th\u1ecfa Thu\u1eadn <strong>\u0111i\u1ec1u Kho\u1ea3n v\u00e0 \u0111i\u1ec1u ki\u1ec7n<\/strong> n\u00e0y \u0111i\u1ec1u ch\u1ec9nh vi\u1ec7c s\u1eed d\u1ee5ng trang web c\u1ee7a ch\u00fang t\u00f4i, bao g\u1ed3m m\u1ecdi n\u1ed9i dung, ch\u1ee9c n\u0103ng v\u00e0 d\u1ecbch v\u1ee5 \u0111\u01b0\u1ee3c cung c\u1ea5p tr\u00ean ho\u1eb7c th\u00f4ng qua M88. Khi b\u1ea1n ti\u1ebfp c\u1eadn ho\u1eb7c s\u1eed d\u1ee5ng <a href=\"https:\/\/linkm88moinhat.com\" target=\"_blank\" rel=\"noopener\"><strong>M88<\/strong><\/a>, b\u1ea1n \u0111\u1ed3ng \u00fd r\u1eb1ng b\u1ea1n \u0111\u00e3 \u0111\u1ecdc, hi\u1ec3u v\u00e0 tu\u00e2n th\u1ee7 nh\u1eefng Th\u1ecfa Thu\u1eadn v\u00e0 \u0110i\u1ec1u Kho\u1ea3n n\u00e0y. N\u1ebfu b\u1ea1n kh\u00f4ng \u0111\u1ed3ng \u00fd v\u1edbi nh\u1eefng \u0111i\u1ec1u kho\u1ea3n n\u00e0y, b\u1ea1n n\u00ean ng\u01b0ng truy c\u1eadp v\u00e0 s\u1eed d\u1ee5ng M88.<\/em><\/p>\r\n\r\n\r\n\r\n<h3 class=\"wp-block-heading\"><strong>Ch\u00fang t\u00f4i s\u1edf h\u1eefu v\u00e0 c\u00f3 quy\u1ec1n s\u1edf h\u1eefu tr\u00ed tu\u1ec7\u00a0<\/strong><\/h3>\r\n\r\n\r\n\r\n<p>\u0110\u1ed1i v\u1edbi trang web v\u00e0 t\u1ea5t c\u1ea3 c\u00e1c th\u00e0nh ph\u1ea7n c\u1ee7a n\u00f3 (bao g\u1ed3m t\u1ea5t c\u1ea3 v\u00e0 kh\u00f4ng gi\u1edbi h\u1ea1n v\u00e0o m\u1ecdi th\u00f4ng tin, ph\u1ea7n m\u1ec1m, v\u0103n b\u1ea3n, giao di\u1ec7n, h\u00ecnh \u1ea3nh, video v\u00e0 \u00e2m thanh). Nh\u1eefng t\u00e0i s\u1ea3n n\u00e0y thu\u1ed9c v\u1ec1 ch\u00fang t\u00f4i, c\u00e1c \u0111\u1ed1i t\u00e1c c\u1ea5p ph\u00e9p ho\u1eb7c c\u00e1c nh\u00e0 cung c\u1ea5p kh\u00e1c v\u00e0 \u0111\u01b0\u1ee3c b\u1ea3o v\u1ec7 b\u1edfi c\u00e1c quy\u1ec1n b\u1ea3n quy\u1ec1n, th\u01b0\u01a1ng hi\u1ec7u, s\u00e1ng ch\u1ebf, b\u00ed m\u1eadt th\u01b0\u01a1ng m\u1ea1i v\u00e0 quy\u1ec1n s\u1edf h\u1eefu tr\u00ed tu\u1ec7 kh\u00e1c ho\u1eb7c c\u00e1c quy\u1ec1n s\u1edf h\u1eefu kh\u00e1c v\u1ec1 trang thi\u1ebft b\u1ecb.<\/p>\r\n<figure id=\"attachment_8188\" aria-describedby=\"caption-attachment-8188\" style=\"width: 800px\" class=\"wp-caption aligncenter\"><img loading=\"lazy\" decoding=\"async\" class=\"wp-image-8188 size-full\" src=\"http:\/\/kores.net\/wp-content\/uploads\/2024\/06\/ca-do-bong-da-co-tinh-bu-gio-khong-1-1.jpg\" alt=\"Ch\u00fang t\u00f4i s\u1edf h\u1eefu v\u00e0 c\u00f3 quy\u1ec1n s\u1edf h\u1eefu tr\u00ed tu\u1ec7\u00a0\" width=\"800\" height=\"500\" srcset=\"https:\/\/sicilytourist.net\/wp-content\/uploads\/2024\/06\/ca-do-bong-da-co-tinh-bu-gio-khong-1-1.jpg 800w, https:\/\/sicilytourist.net\/wp-content\/uploads\/2024\/06\/ca-do-bong-da-co-tinh-bu-gio-khong-1-1-300x188.jpg 300w, https:\/\/sicilytourist.net\/wp-content\/uploads\/2024\/06\/ca-do-bong-da-co-tinh-bu-gio-khong-1-1-768x480.jpg 768w, https:\/\/sicilytourist.net\/wp-content\/uploads\/2024\/06\/ca-do-bong-da-co-tinh-bu-gio-khong-1-1-64x40.jpg 64w, https:\/\/sicilytourist.net\/wp-content\/uploads\/2024\/06\/ca-do-bong-da-co-tinh-bu-gio-khong-1-1-51x32.jpg 51w, https:\/\/sicilytourist.net\/wp-content\/uploads\/2024\/06\/ca-do-bong-da-co-tinh-bu-gio-khong-1-1-128x80.jpg 128w, https:\/\/sicilytourist.net\/wp-content\/uploads\/2024\/06\/ca-do-bong-da-co-tinh-bu-gio-khong-1-1-216x135.jpg 216w\" sizes=\"auto, (max-width: 800px) 100vw, 800px\" \/><figcaption id=\"caption-attachment-8188\" class=\"wp-caption-text\"><em>Ch\u00fang t\u00f4i s\u1edf h\u1eefu v\u00e0 c\u00f3 quy\u1ec1n s\u1edf h\u1eefu tr\u00ed tu\u1ec7\u00a0<\/em><\/figcaption><\/figure>\r\n\r\n\r\n\r\n<h3 class=\"wp-block-heading\"><strong>Nh\u1eefng \u0111i\u1ec1u Kho\u1ea3n v\u00e0 \u0111i\u1ec1u ki\u1ec7n Khi S\u1eed D\u1ee5ng Trang M88<\/strong><\/h3>\r\n\r\n\r\n\r\n<p>Ch\u00fang t\u00f4i c\u1ea5p cho b\u1ea1n m\u1ed9t gi\u1ea5y ph\u00e9p h\u1ea1n ch\u1ebf, kh\u00f4ng \u0111\u1ed9c quy\u1ec1n, kh\u00f4ng chuy\u1ec3n nh\u01b0\u1ee3ng v\u00e0 c\u00f3 kh\u1ea3 n\u0103ng b\u1ecb thu h\u1ed3i \u0111\u1ec3 truy c\u1eadp v\u00e0 s\u1eed d\u1ee5ng Trang M88 ch\u1ec9 cho m\u1ee5c \u0111\u00edch c\u00e1 nh\u00e2n v\u00e0 phi th\u01b0\u01a1ng m\u1ea1i c\u1ee7a b\u1ea1n. Vi\u1ec7c s\u1eed d\u1ee5ng trang web n\u00e0y kh\u00f4ng \u0111\u01b0\u1ee3c ph\u00e9p cho b\u1ea5t k\u1ef3 m\u1ee5c \u0111\u00edch b\u1ea5t h\u1ee3p ph\u00e1p n\u00e0o ho\u1eb7c b\u1ea5t k\u1ef3 c\u00e1ch n\u00e0o c\u00f3 th\u1ec3 g\u00e2y h\u1ea1i, ngh\u1ebdn m\u1ea1ng, qu\u00e1 t\u1ea3i ho\u1eb7c l\u00e0m suy y\u1ebfu ho\u1eb7c can thi\u1ec7p v\u00e0o vi\u1ec7c s\u1eed d\u1ee5ng v\u00e0 tr\u1ea3i nghi\u1ec7m c\u1ee7a b\u1ea5t k\u1ef3 b\u00ean th\u1ee9 ba n\u00e0o \u0111\u1ed1i v\u1edbi Trang M88.<\/p>\r\n\r\n\r\n\r\n<h3 class=\"wp-block-heading\"><strong>Tuy\u00ean B\u1ed1 T\u1eeb Ch\u1ed1i Tr\u00e1ch Nhi\u1ec7m<\/strong><\/h3>\r\n\r\n\r\n\r\n<p>Th\u00f4ng tin \u0111\u01b0\u1ee3c cung c\u1ea5p \u1edf \u0111\u00e2y ch\u1ec9 mang t\u00ednh ch\u1ea5t th\u00f4ng tin t\u1ed5ng qu\u00e1t v\u00e0 kh\u00f4ng h\u00ecnh th\u00e0nh t\u01b0 v\u1ea5n chuy\u00ean nghi\u1ec7p. Ch\u00fang t\u00f4i kh\u00f4ng \u0111\u01b0a ra b\u1ea5t k\u1ef3 s\u1ef1 b\u1ea3o \u0111\u1ea3m ho\u1eb7c tuy\u00ean b\u1ed1 n\u00e0o v\u1ec1 t\u00ednh \u0111\u1ea7y \u0111\u1ee7, ch\u00ednh x\u00e1c, \u0111\u00e1ng tin c\u1eady, ph\u00f9 h\u1ee3p ho\u1eb7c s\u1eb5n c\u00f3 c\u1ee7a th\u00f4ng tin, s\u1ea3n ph\u1ea9m, d\u1ecbch v\u1ee5 ho\u1eb7c \u0111\u1ed3 h\u1ecda li\u00ean quan \u0111\u1ebfn <strong>\u0111i\u1ec1u Kho\u1ea3n v\u00e0 \u0111i\u1ec1u ki\u1ec7n<\/strong> M88 cho b\u1ea5t k\u1ef3 m\u1ee5c \u0111\u00edch n\u00e0o. M\u1ecdi s\u1ef1 ph\u1ee5 thu\u1ed9c c\u1ee7a b\u1ea1n v\u00e0o th\u00f4ng tin \u0111\u00f3 \u0111\u1ec1u ho\u00e0n to\u00e0n d\u1ef1a v\u00e0o r\u1ee7i ro c\u1ee7a b\u1ea1n.<\/p>\r\n\r\n\r\n\r\n<h3 class=\"wp-block-heading\"><strong>Gi\u1edbi H\u1ea1n Tr\u00e1ch Nhi\u1ec7m t\u1ea1i \u0111i\u1ec1u Kho\u1ea3n v\u00e0 \u0111i\u1ec1u ki\u1ec7n m88<\/strong><\/h3>\r\n\r\n\r\n\r\n<p>Trong m\u1ecdi t\u00ecnh hu\u1ed1ng, ch\u00fang t\u00f4i s\u1ebd kh\u00f4ng ch\u1ecbu tr\u00e1ch nhi\u1ec7m \u0111\u1ed1i v\u1edbi b\u1ea5t k\u1ef3 t\u1ed5n th\u1ea5t tr\u1ef1c ti\u1ebfp, gi\u00e1n ti\u1ebfp, ng\u1eabu nhi\u00ean, \u0111\u1eb7c bi\u1ec7t, k\u1ebft qu\u1ea3 ho\u1eb7c h\u00ecnh ph\u1ea1t n\u00e0o ph\u00e1t sinh t\u1eeb ho\u1eb7c li\u00ean quan \u0111\u1ebfn vi\u1ec7c s\u1eed d\u1ee5ng c\u1ee7a b\u1ea1n \u0111\u1ed1i v\u1edbi Trang M88 ho\u1eb7c b\u1ea5t k\u1ef3 n\u1ed9i dung, ch\u1ee9c n\u0103ng ho\u1eb7c d\u1ecbch v\u1ee5 n\u00e0o \u0111\u01b0\u1ee3c cung c\u1ea5p tr\u00ean ho\u1eb7c th\u00f4ng qua ch\u00fang t\u00f4i, d\u00f9 d\u1ef1a tr\u00ean b\u1ea3o h\u00e0nh, h\u1ee3p \u0111\u1ed3ng, vi ph\u1ea1m ho\u1eb7c b\u1ea5t k\u1ef3 l\u00fd thuy\u1ebft ph\u00e1p l\u00fd n\u00e0o kh\u00e1c, th\u1eadm ch\u00ed n\u1ebfu ch\u00fang t\u00f4i \u0111\u00e3 \u0111\u01b0\u1ee3c th\u00f4ng b\u00e1o v\u1ec1 kh\u1ea3 n\u0103ng c\u1ee7a nh\u1eefng t\u1ed5n th\u1ea5t \u0111\u00f3.<\/p>\r\n\r\n\r\n\r\n<h3 class=\"wp-block-heading\"><strong>B\u1ea3o V\u1ec7<\/strong><\/h3>\r\n\r\n\r\n\r\n<p>T\u1ea1i <strong>\u0111i\u1ec1u Kho\u1ea3n v\u00e0 \u0111i\u1ec1u ki\u1ec7n M88, <\/strong>B\u1ea1n \u0111\u1ed3ng \u00fd b\u1ea3o v\u1ec7, ph\u00f2ng th\u1ee7 v\u00e0 mi\u1ec5n tr\u1eeb ch\u00fang t\u00f4i v\u00e0 c\u00e1c c\u00f4ng ty li\u00ean k\u1ebft, c\u00e1c c\u01a1 quan, gi\u00e1m \u0111\u1ed1c, nh\u00e2n vi\u00ean, \u0111\u1ea1i l\u00fd, ng\u01b0\u1eddi c\u1ea5p ph\u00e9p v\u00e0 nh\u00e0 cung c\u1ea5p c\u1ee7a ch\u00fang t\u00f4i kh\u1ecfi m\u1ecdi thi\u1ec7t h\u1ea1i, chi ph\u00ed, t\u1ed5n th\u1ea5t v\u00e0 chi ph\u00ed, bao g\u1ed3m c\u00e1c kho\u1ea3n ph\u00ed lu\u1eadt s\u01b0 h\u1ee3p l\u00fd, ph\u00e1t sinh t\u1eeb b\u1ea5t k\u1ef3 vi ph\u1ea1m n\u00e0o c\u1ee7a b\u1ea1n \u0111\u1ed1i v\u1edbi nh\u1eefng \u0110i\u1ec1u kho\u1ea3n n\u00e0y ho\u1eb7c b\u1ea5t k\u1ef3 ho\u1ea1t \u0111\u1ed9ng n\u00e0o li\u00ean quan \u0111\u1ebfn vi\u1ec7c s\u1eed d\u1ee5ng c\u1ee7a b\u1ea1n \u0111\u1ed1i v\u1edbi Trang M88.<\/p>\r\n<p><strong>Xem th\u00eam:<\/strong> <a href=\"https:\/\/sicilytourist.net\/nap-tien-m88\/\"><strong>https:\/\/sicilytourist.net\/nap-tien-m88\/<\/strong><\/a><\/p>\r\n\r\n\r\n\r\n<h3 class=\"wp-block-heading\"><strong>M88 C\u00f3 Quy\u1ec1n \u0110\u01b0\u1ee3c S\u1eeda \u0110\u1ed5i \u0111i\u1ec1u Kho\u1ea3n v\u00e0 \u0111i\u1ec1u ki\u1ec7n kh\u00f4ng?<\/strong><\/h3>\r\n\r\n\r\n\r\n<p>Ch\u00fang t\u00f4i gi\u1eef quy\u1ec1n s\u1eeda \u0111\u1ed5i nh\u1eefng \u0110i\u1ec1u kho\u1ea3n n\u00e0y v\u00e0o b\u1ea5t k\u1ef3 th\u1eddi \u0111i\u1ec3m n\u00e0o m\u00e0 kh\u00f4ng c\u1ea7n th\u00f4ng b\u00e1o tr\u01b0\u1edbc v\u1edbi b\u1ea1n. Vi\u1ec7c ti\u1ebfp t\u1ee5c s\u1eed d\u1ee5ng Trang M88 sau b\u1ea5t k\u1ef3 s\u1eeda \u0111\u1ed5i n\u00e0o \u0111\u00f3 \u0111\u1ed3ng ngh\u0129a v\u1edbi vi\u1ec7c b\u1ea1n ch\u1ea5p nh\u1eadn nh\u1eefng \u0110i\u1ec1u kho\u1ea3n \u0111\u00e3 \u0111\u01b0\u1ee3c s\u1eeda \u0111\u1ed5i.<\/p>\r\n<figure id=\"attachment_8204\" aria-describedby=\"caption-attachment-8204\" style=\"width: 800px\" class=\"wp-caption aligncenter\"><img loading=\"lazy\" decoding=\"async\" class=\"wp-image-8204 size-full\" src=\"http:\/\/kores.net\/wp-content\/uploads\/2024\/06\/ca-do-bong-da-co-tinh-bu-gio-khong-3-1.jpg\" alt=\"M88 C\u00f3 Quy\u1ec1n \u0110\u01b0\u1ee3c S\u1eeda \u0110\u1ed5i \u0111i\u1ec1u Kho\u1ea3n v\u00e0 \u0111i\u1ec1u ki\u1ec7n kh\u00f4ng?\" width=\"800\" height=\"502\" srcset=\"https:\/\/sicilytourist.net\/wp-content\/uploads\/2024\/06\/ca-do-bong-da-co-tinh-bu-gio-khong-3-1.jpg 800w, https:\/\/sicilytourist.net\/wp-content\/uploads\/2024\/06\/ca-do-bong-da-co-tinh-bu-gio-khong-3-1-300x188.jpg 300w, https:\/\/sicilytourist.net\/wp-content\/uploads\/2024\/06\/ca-do-bong-da-co-tinh-bu-gio-khong-3-1-768x482.jpg 768w, https:\/\/sicilytourist.net\/wp-content\/uploads\/2024\/06\/ca-do-bong-da-co-tinh-bu-gio-khong-3-1-64x40.jpg 64w, https:\/\/sicilytourist.net\/wp-content\/uploads\/2024\/06\/ca-do-bong-da-co-tinh-bu-gio-khong-3-1-51x32.jpg 51w, https:\/\/sicilytourist.net\/wp-content\/uploads\/2024\/06\/ca-do-bong-da-co-tinh-bu-gio-khong-3-1-127x80.jpg 127w, https:\/\/sicilytourist.net\/wp-content\/uploads\/2024\/06\/ca-do-bong-da-co-tinh-bu-gio-khong-3-1-215x135.jpg 215w\" sizes=\"auto, (max-width: 800px) 100vw, 800px\" \/><figcaption id=\"caption-attachment-8204\" class=\"wp-caption-text\"><em>M88 C\u00f3 Quy\u1ec1n \u0110\u01b0\u1ee3c S\u1eeda \u0110\u1ed5i \u0111i\u1ec1u Kho\u1ea3n v\u00e0 \u0111i\u1ec1u ki\u1ec7n kh\u00f4ng?<\/em><\/figcaption><\/figure>\r\n\r\n\r\n\r\n<h3 class=\"wp-block-heading\"><strong>Nh\u1eefng Th\u1ea9m Quy\u1ec1n V\u00e0 Lu\u1eadt \u0110\u01b0\u1ee3c S\u1eed D\u1ee5ng<\/strong><\/h3>\r\n\r\n\r\n\r\n<p>Nh\u1eefng \u0110i\u1ec1u kho\u1ea3n n\u00e0y v\u00e0 vi\u1ec7c s\u1eed d\u1ee5ng c\u1ee7a b\u1ea1n \u0111\u1ed1i v\u1edbi trang M88 s\u1ebd \u0111\u01b0\u1ee3c \u0111i\u1ec1u ch\u1ec9nh v\u00e0 di\u1ec5n gi\u1ea3i theo lu\u1eadt ph\u00e1p c\u1ee7a \u0111\u1ecba ph\u01b0\u01a1ng m\u00e0 ch\u00fang t\u00f4i \u0111\u1eb7t t\u1ea1i, kh\u00f4ng \u00e1p d\u1ee5ng b\u1ea5t k\u1ef3 quy \u0111\u1ecbnh l\u1ef1a ch\u1ecdn lu\u1eadt hay xung \u0111\u1ed9t lu\u1eadt n\u00e0o. M\u1ecdi tranh ch\u1ea5p ph\u00e1p l\u00fd, h\u00e0nh \u0111\u1ed9ng ho\u1eb7c th\u1ee7 t\u1ee5c ph\u00e1t sinh t\u1eeb ho\u1eb7c li\u00ean quan \u0111\u1ebfn nh\u1eefng \u0110i\u1ec1u Kho\u1ea3n n\u00e0y ho\u1eb7c s\u1ebd b\u1ecb kh\u1edfi ki\u1ec7n \u0111\u1ed9c quy\u1ec1n t\u1ea1i c\u00e1c t\u00f2a \u00e1n li\u00ean bang ho\u1eb7c ti\u1ec3u bang \u1edf \u0111\u1ecba ph\u01b0\u01a1ng m\u00e0 ch\u00fang t\u00f4i \u0111\u1eb7t t\u1ea1i.<\/p>\r\n\r\n\r\n\r\n<h3 class=\"wp-block-heading\"><strong>Nh\u1eefng th\u1ecfa thu\u1eadn c\u1ee7a 2 b\u00ean<\/strong><\/h3>\r\n\r\n\r\n\r\n<p>Nh\u1eefng <strong>\u0111i\u1ec1u Kho\u1ea3n v\u00e0 \u0111i\u1ec1u ki\u1ec7n<\/strong> n\u00e0y t\u1ea1o th\u00e0nh to\u00e0n b\u1ed9 th\u1ecfa thu\u1eadn gi\u1eefa b\u1ea1n v\u00e0 ch\u00fang t\u00f4i \u0111\u1ed1i v\u1edbi vi\u1ec7c s\u1eed d\u1ee5ng trang M88 Casino v\u00e0 thay th\u1ebf t\u1ea5t c\u1ea3 c\u00e1c trao \u0111\u1ed5i v\u00e0 \u0111\u1ec1 xu\u1ea5t hi\u1ec7n t\u1ea1i ho\u1eb7c tr\u01b0\u1edbc \u0111\u00f3, b\u1ea5t k\u1ec3 \u0111\u00f3 l\u00e0 trao \u0111\u1ed5i mi\u1ec7ng hay b\u1eb1ng v\u0103n b\u1ea3n, gi\u1eefa b\u1ea1n v\u00e0 ch\u00fang t\u00f4i.<\/p>\r\n\r\n\r\n\r\n<h3 class=\"wp-block-heading\"><strong>Th\u00f4ng tin h\u1ed7 tr\u1ee3<\/strong><\/h3>\r\n\r\n\r\n\r\n<p>N\u1ebfu b\u1ea1n c\u00f3 b\u1ea5t k\u1ef3 c\u00e2u h\u1ecfi ho\u1eb7c \u00fd ki\u1ebfn \u200b\u200bn\u00e0o v\u1ec1 nh\u1eefng \u0110i\u1ec1u Kho\u1ea3n v\u00e0 \u0110i\u1ec1u Ki\u1ec7n n\u00e0y, vui l\u00f2ng li\u00ean h\u1ec7 v\u1edbi ch\u00fang t\u00f4i theo \u0111\u1ecba ch\u1ec9 support@M88.com.<\/p>\r\n","protected":false},"excerpt":{"rendered":"<p>Nh\u1eefng \u0110i\u1ec1u Kho\u1ea3n V\u00e0 \u0110i\u1ec1u Ki\u1ec7n Ng\u01b0\u1eddi Ch\u01a1i C\u1ea7n Bi\u1ebft Ch\u00e0o m\u1eebng b\u1ea1n \u0111\u1ebfn v\u1edbi trang web c\u1ee7a ch\u00fang t\u00f4i M88. v\u1edbi nh\u1eefng Th\u1ecfa Thu\u1eadn \u0111i\u1ec1u Kho\u1ea3n v\u00e0 \u0111i\u1ec1u ki\u1ec7n n\u00e0y \u0111i\u1ec1u ch\u1ec9nh vi\u1ec7c s\u1eed d\u1ee5ng trang web c\u1ee7a ch\u00fang t\u00f4i, bao g\u1ed3m m\u1ecdi n\u1ed9i dung, ch\u1ee9c n\u0103ng v\u00e0 d\u1ecbch v\u1ee5 \u0111\u01b0\u1ee3c cung c\u1ea5p tr\u00ean&#8230;<\/p>\n","protected":false},"author":1,"featured_media":8461,"parent":0,"menu_order":0,"comment_status":"closed","ping_status":"closed","template":"","meta":{"_kad_post_transparent":"","_kad_post_title":"","_kad_post_layout":"","_kad_post_sidebar_id":"","_kad_post_content_style":"","_kad_post_vertical_padding":"","_kad_post_feature":"","_kad_post_feature_position":"","_kad_post_header":false,"_kad_post_footer":false,"_kad_post_classname":"","footnotes":""},"class_list":["post-28","page","type-page","status-publish","has-post-thumbnail","hentry"],"_links":{"self":[{"href":"https:\/\/sicilytourist.net\/vi\/wp-json\/wp\/v2\/pages\/28","targetHints":{"allow":["GET"]}}],"collection":[{"href":"https:\/\/sicilytourist.net\/vi\/wp-json\/wp\/v2\/pages"}],"about":[{"href":"https:\/\/sicilytourist.net\/vi\/wp-json\/wp\/v2\/types\/page"}],"author":[{"embeddable":true,"href":"https:\/\/sicilytourist.net\/vi\/wp-json\/wp\/v2\/users\/1"}],"replies":[{"embeddable":true,"href":"https:\/\/sicilytourist.net\/vi\/wp-json\/wp\/v2\/comments?post=28"}],"version-history":[{"count":7,"href":"https:\/\/sicilytourist.net\/vi\/wp-json\/wp\/v2\/pages\/28\/revisions"}],"predecessor-version":[{"id":8543,"href":"https:\/\/sicilytourist.net\/vi\/wp-json\/wp\/v2\/pages\/28\/revisions\/8543"}],"wp:featuredmedia":[{"embeddable":true,"href":"https:\/\/sicilytourist.net\/vi\/wp-json\/wp\/v2\/media\/8461"}],"wp:attachment":[{"href":"https:\/\/sicilytourist.net\/vi\/wp-json\/wp\/v2\/media?parent=28"}],"curies":[{"name":"wp","href":"https:\/\/api.w.org\/{rel}","templated":true}]}}