{"id":12,"date":"2023-08-14T15:08:18","date_gmt":"2023-08-14T08:08:18","guid":{"rendered":"https:\/\/m88.social\/?page_id=12"},"modified":"2024-09-03T15:55:35","modified_gmt":"2024-09-03T08:55:35","slug":"dang-ky-m88","status":"publish","type":"page","link":"https:\/\/sicilytourist.net\/vi\/dang-ky-m88\/","title":{"rendered":"\u0110\u0103ng K\u00fd M88 Nh\u1eadn Ngay 88K Trong T\u00e0i Kho\u1ea3n"},"content":{"rendered":"\r\n<h1 style=\"text-align: center;\"><strong>\u0110\u0103ng K\u00fd M88 Nh\u1eadn Ngay 88K Trong T\u00e0i Kho\u1ea3n<\/strong><\/h1>\r\n<p><em>\u0110\u1ec3 c\u00f3 th\u1ec3 nh\u1eadn \u0111\u01b0\u1ee3c 88k trong t\u00e0i kho\u1ea3n, h\u00e3y <strong>\u0111\u0103ng k\u00fd M88<\/strong> ngay trong h\u00f4m nay nh\u00e9. Nh\u00e2n d\u1ecbp k\u1ef7 ni\u1ec7m 10 n\u0103m th\u00e0nh l\u1eadp v\u00e0 ch\u00e0o m\u1eebng ng\u00e0y nh\u00e0 gi\u00e1o 20-11. Nh\u00e0 c\u00e1i <a href=\"https:\/\/linkm88moinhat.com\" target=\"_blank\" rel=\"noopener\"><strong>M88<\/strong><\/a> \u0111\u01b0a ra r\u1ea5t nhi\u1ec1u \u01b0u \u0111\u00e3i l\u1edbn v\u00e0 khuy\u1ebfn m\u00e3i kh\u1ee7ng ch\u01b0a t\u1eebng c\u00f3. V\u00ec v\u1eady h\u00e3y nhanh ch\u00f3ng \u0111\u0103ng k\u00fd t\u00e0i kho\u1ea3n \u0111\u1ec3 nh\u1eadn v\u00f4 s\u1ed1 \u01b0u \u0111\u00e3i n\u00e0y ngay.<\/em><\/p>\r\n<p><em>\r\n\r\n<\/em><\/p>\r\n<p><em>\u0110\u1ec3 gi\u00fap nh\u1eefng ng\u01b0\u1eddi ch\u01a1i m\u1edbi d\u1ec5 d\u00e0ng h\u01a1n trong vi\u1ec7c \u0111\u0103ng k\u00fd t\u00e0i kho\u1ea3n. V\u00e0 kh\u00f4ng l\u00e0m m\u1ea5t nhi\u1ec1u th\u1eddi gian c\u1ee7a c\u00e1c b\u1ea1n. Sau \u0111\u00e2y ch\u00fang t\u00f4i xin h\u01b0\u1edbng d\u1eabn c\u00e1ch \u0111\u0103ng k\u00fd <strong>M88<\/strong> m\u1ed9t c\u00e1ch \u0111\u01a1n gi\u1ea3n, d\u1ec5 hi\u1ec3u v\u00e0 nhanh nh\u1ea5t. M\u1eddi c\u00e1c b\u1ea1n c\u00f9ng theo d\u00f5i.<\/em><\/p>\r\n\r\n\r\n\r\n<h2 class=\"wp-block-heading has-text-align-center\"><strong>?\ufe0fH\u01b0\u1edbng D\u1eabn \u0110\u0103ng K\u00fd M88 Nh\u1eadn 88k Nhanh Nh\u1ea5t V\u00e0 \u0110\u01a1n Gi\u1ea3n Nh\u1ea5t?\ufe0f<\/strong><\/h2>\r\n\r\n\r\n\r\n<p>\u0110\u1ec3 nh\u1eadn \u0111\u01b0\u1ee3c 88k trong t\u00e0i kho\u1ea3n \u0111\u1ed1i v\u1edbi th\u00e0nh vi\u00ean m\u1edbi. B\u1ea1n h\u00e3y nhanh ch\u00f3ng \u0111\u0103ng k\u00fd M88 nhanh nh\u00e9. Sau \u0111\u00e2y l\u00e0 h\u01b0\u1edbng d\u1eabn chi ti\u1ebft c\u00f3 k\u00e8m h\u00ecnh \u1ea3nh cho c\u00e1c b\u1ea1n tham kh\u1ea3o khi \u0111\u0103ng k\u00fd. C\u00e1c b\u1ea1n h\u00e3y ch\u00fa \u00fd d\u00f5i theo nh\u00e9:<\/p>\r\n\r\n\r\n\r\n<p><strong>B\u01b0\u1edbc 1<\/strong>: B\u1ea1n truy c\u1eadp v\u00e0o trang ch\u1ee7 ch\u00ednh th\u1ee9c c\u1ee7a nh\u00e0 c\u00e1i M88. R\u1ed3i sau \u0111\u00f3 nh\u1ea5n <strong>\u0111\u0103ng k\u00fd M88<\/strong> <strong>\u00a0<\/strong>b\u00ean g\u00f3c ph\u1ea3i m\u00e0n h\u00ecnh \u0111\u1ec3 t\u1ea1o t\u00e0i kho\u1ea3n m\u1edbi c\u1ee7a M88.<\/p>\r\n\r\n\r\n<div class=\"wp-block-image\">\r\n<figure class=\"aligncenter size-full\"><img loading=\"lazy\" decoding=\"async\" width=\"750\" height=\"343\" class=\"wp-image-470\" src=\"\/wp-content\/uploads\/2023\/10\/B1-dang-ky-M88.webp\" alt=\"\" srcset=\"https:\/\/sicilytourist.net\/wp-content\/uploads\/2023\/10\/B1-dang-ky-M88.webp 750w, https:\/\/sicilytourist.net\/wp-content\/uploads\/2023\/10\/B1-dang-ky-M88-300x137.webp 300w, https:\/\/sicilytourist.net\/wp-content\/uploads\/2023\/10\/B1-dang-ky-M88-87x40.webp 87w, https:\/\/sicilytourist.net\/wp-content\/uploads\/2023\/10\/B1-dang-ky-M88-70x32.webp 70w, https:\/\/sicilytourist.net\/wp-content\/uploads\/2023\/10\/B1-dang-ky-M88-175x80.webp 175w, https:\/\/sicilytourist.net\/wp-content\/uploads\/2023\/10\/B1-dang-ky-M88-295x135.webp 295w\" sizes=\"auto, (max-width: 750px) 100vw, 750px\" \/><\/figure>\r\n<\/div>\r\n\r\n\r\n<p><strong>B\u01b0\u1edbc 2<\/strong>: Sau khi b\u1ea1n click m\u1ee5c \u0111\u0103ng k\u00fd, nh\u00e0 c\u00e1i s\u1ebd \u0111\u01b0a b\u1ea1n \u0111\u1ebfn v\u1edbi b\u1ea3ng \u0111i\u1ec1n th\u00f4ng tin c\u00e1 nh\u00e2n \u0111\u1ec3 \u0111\u0103ng k\u00fd t\u00e0i kho\u1ea3n nh\u01b0 sau:<\/p>\r\n\r\n\r\n\r\n<ul class=\"wp-block-list\">\r\n<li>T\u00ean \u0111\u0103ng k\u00fd t\u00e0i kho\u1ea3n : B\u1ea1n c\u1ea7n nh\u1eadp t\u00ean \u0111\u00fang theo y\u00eau c\u1ea7u l\u00e0 6 \u0111\u1ebfn 15 k\u00fd t\u1ef1. T\u00ean \u0111\u0103ng nh\u1eadp ph\u1ea3i k\u1ebft h\u1ee3p ch\u1eef c\u00e1i v\u00e0 s\u1ed1.<\/li>\r\n\r\n\r\n\r\n<li>M\u1eadt kh\u1ea9u \u0111\u0103ng nh\u1eadp : M\u1eadt kh\u1ea9u y\u00eau c\u1ea7u b\u1ea1n ph\u1ea3i nh\u1eadp t\u1eeb 6 \u0111\u1ebfn 20 k\u00fd t\u1ef1 v\u00e0 c\u0169ng c\u1ea7n b\u1eaft bu\u1ed9c c\u00f3 c\u1ea3 ch\u1eef c\u00e1i v\u00e0 s\u1ed1 k\u1ebft h\u1ee3p. Trong tr\u01b0\u1eddng h\u1ee3p thi\u1ebft l\u1eadp m\u1eadt kh\u1ea9u, n\u1ebfu b\u1ea1n kh\u00f4ng \u0111\u01b0a ra \u0111\u01b0\u1ee3c m\u1eadt kh\u1ea9u ch\u1eafc ch\u1eafn an to\u00e0n. B\u1ea1n c\u00f3 th\u1ec3 nh\u1eadn g\u1ee3i \u00fd l\u1eadp m\u1eadt kh\u1ea9u m\u1ea1nh m\u00e0 Google \u0111\u01b0a ra gi\u00fap b\u1ea1n.<\/li>\r\n\r\n\r\n\r\n<li>Nh\u1eadp l\u1ea1i m\u1eadt kh\u1ea9u : B\u1ea1n nh\u1eadp l\u1ea1i m\u1eadt kh\u1ea9u \u0111\u00e3 l\u1eadp \u1edf b\u01b0\u1edbc tr\u00ean<\/li>\r\n\r\n\r\n\r\n<li>S\u1ed1 \u0111i\u1ec7n tho\u1ea1i <strong>\u0111\u0103ng k\u00fd M88<\/strong> : B\u1ea1n c\u1ea7n nh\u1eadp s\u1ed1 \u0111i\u1ec7n tho\u1ea1i ch\u00ednh ch\u1ee7 \u0111\u1ec3 k\u00edch ho\u1ea1t OTP v\u00e0 n\u1ea1p ti\u1ec1n r\u00fat ti\u1ec1n. S\u1ed1 \u0111i\u1ec7n tho\u1ea1i n\u00e0y y\u00eau c\u1ea7u tr\u00f9ng v\u1edbi s\u1ed1 \u0111i\u1ec7n tho\u1ea1i li\u00ean k\u1ebft r\u00fat ti\u1ec1n.<\/li>\r\n\r\n\r\n\r\n<li>H\u1ecd v\u00e0 t\u00ean : T\u00ean c\u1ee7a b\u1ea1n nh\u1eadp ph\u1ea3i \u0111\u00fang v\u1edbi t\u00ean c\u1ee7a t\u00e0i kho\u1ea3n li\u00ean k\u1ebft ng\u00e2n h\u00e0ng khi r\u00fat ti\u1ec1n. N\u1ebfu t\u00ean kh\u00f4ng tr\u00f9ng v\u1edbi t\u00ean t\u00e0i kho\u1ea3n ng\u00e2n h\u00e0ng, b\u1ea1n s\u1ebd kh\u00f4ng th\u1ec3 r\u00fat \u0111\u01b0\u1ee3c ti\u1ec1n.<\/li>\r\n\r\n\r\n\r\n<li>M\u00e3 x\u00e1c nh\u1eadn : Nh\u1eadp m\u00e3 x\u00e1c nh\u1eadn c\u1ee7a nh\u00e0 c\u00e1i \u0111\u01b0a ra.<\/li>\r\n\r\n\r\n\r\n<li>Email: \u0110i\u1ec1n email c\u1ee7a b\u1ea1n v\u00e0o theo m\u1eabu @gmail.com<\/li>\r\n\r\n\r\n\r\n<li>Ti\u1ec1n t\u00ea : B\u1ea1n ch\u1ecdn Vi\u1ec7t Nam \u0110\u1ed3ng<\/li>\r\n<\/ul>\r\n\r\n\r\n<div class=\"wp-block-image\">\r\n<figure class=\"aligncenter size-full\"><img loading=\"lazy\" decoding=\"async\" width=\"750\" height=\"386\" class=\"wp-image-471\" src=\"\/wp-content\/uploads\/2023\/10\/B2-dang-ky-M88.webp\" alt=\"\" srcset=\"https:\/\/sicilytourist.net\/wp-content\/uploads\/2023\/10\/B2-dang-ky-M88.webp 750w, https:\/\/sicilytourist.net\/wp-content\/uploads\/2023\/10\/B2-dang-ky-M88-300x154.webp 300w, https:\/\/sicilytourist.net\/wp-content\/uploads\/2023\/10\/B2-dang-ky-M88-78x40.webp 78w, https:\/\/sicilytourist.net\/wp-content\/uploads\/2023\/10\/B2-dang-ky-M88-62x32.webp 62w, https:\/\/sicilytourist.net\/wp-content\/uploads\/2023\/10\/B2-dang-ky-M88-155x80.webp 155w, https:\/\/sicilytourist.net\/wp-content\/uploads\/2023\/10\/B2-dang-ky-M88-262x135.webp 262w\" sizes=\"auto, (max-width: 750px) 100vw, 750px\" \/><\/figure>\r\n<\/div>\r\n\r\n\r\n<p>B\u01b0\u1edbc 3: Sau khi \u0111\u00e3 ho\u00e0n t\u1ea5t n\u1ed9i dung \u0111i\u1ec1n th\u00f4ng tin c\u00e1 nh\u00e2n. B\u1ea1n c\u1ea7n \u0111\u1ec3 \u00fd \u0111\u1ebfn \u0111i\u1ec1u kho\u1ea3n m\u00e0 nh\u00e0 c\u00e1i y\u00eau c\u1ea7u. B\u1ea1n c\u1ea7n t\u00edch \u0111\u1ed3ng \u00fd ch\u1ea5p nh\u1eadn t\u1ea5t c\u1ea3 c\u00e1c \u0111i\u1ec1u khoane s\u1eed d\u1ee5ng v\u00e0 ch\u00ednh s\u00e1ch b\u1ea3o m\u1eadt<\/p>\r\n\r\n\r\n\r\n<h2 class=\"wp-block-heading has-text-align-center\"><strong>?L\u00fd Do Nh\u00e0 C\u00e1i M88 Lu\u00f4n \u0110\u01b0\u1ee3c M\u1ecdi Ng\u01b0\u1eddi Y\u00eau Th\u00edch?<\/strong><\/h2>\r\n\r\n\r\n\r\n<p>Su\u1ed1t h\u01a1n 10 n\u0103m t\u1ed3n t\u1ea1i tr\u00ean th\u1ecb tr\u01b0\u1eddng Vi\u1ec7t Nam. Nh\u00e0 c\u00e1i lu\u00f4n n\u1ed7 l\u1ef1c ph\u00e1t tri\u1ec3n v\u01b0\u01a1n l\u00ean th\u00e0nh nh\u00e0 c\u00e1i s\u1ed1 1 trong th\u1ecb tr\u01b0\u1eddng c\u00e1 c\u01b0\u1ee3c Casino online. V\u00e0 hi\u1ec7n nay Nh\u00e0 c\u00e1i M88 c\u0169ng c\u00f3 v\u1ecb tr\u00ed nh\u1ea5t \u0111\u1ecbnh c\u1ee7a m\u00ecnh trong l\u00f2ng kh\u00e1ch h\u00e0ng. V\u1eady h\u00e3y c\u00f9ng ch\u00fang t\u00f4i \u0111i\u1ec3m l\u1ea1i nh\u1eefng l\u00fd do g\u00ec m\u00e0 <strong>nh\u00e0 c\u00e1i M88<\/strong>. L\u1ea1i thu\u1ed9c top 1 nh\u1eefng nh\u00e0 c\u00e1i uy t\u00edn v\u00e0 \u0111\u1eb3ng c\u1ea5p nh\u1ea5t v\u00e0 \u0111\u01b0\u1ee3c m\u1ecdi ng\u01b0\u1eddi y\u00eau th\u00edch nh\u1ea5t nh\u00e9.<\/p>\r\n\r\n\r\n<div class=\"wp-block-image\">\r\n<figure class=\"aligncenter size-full\"><img loading=\"lazy\" decoding=\"async\" width=\"700\" height=\"356\" class=\"wp-image-467\" src=\"\/wp-content\/uploads\/2023\/10\/dang-ky-m88-5.webp\" alt=\"M88 l\u00e0 m\u1ed9t nh\u00e0 c\u00e1i c\u00f3 gi\u1ea5y ph\u00e9p ho\u1ea1t \u0111\u1ed9ng h\u1ee3p ph\u00e1p\" srcset=\"https:\/\/sicilytourist.net\/wp-content\/uploads\/2023\/10\/dang-ky-m88-5.webp 700w, https:\/\/sicilytourist.net\/wp-content\/uploads\/2023\/10\/dang-ky-m88-5-300x153.webp 300w, https:\/\/sicilytourist.net\/wp-content\/uploads\/2023\/10\/dang-ky-m88-5-79x40.webp 79w, https:\/\/sicilytourist.net\/wp-content\/uploads\/2023\/10\/dang-ky-m88-5-63x32.webp 63w, https:\/\/sicilytourist.net\/wp-content\/uploads\/2023\/10\/dang-ky-m88-5-157x80.webp 157w, https:\/\/sicilytourist.net\/wp-content\/uploads\/2023\/10\/dang-ky-m88-5-265x135.webp 265w\" sizes=\"auto, (max-width: 700px) 100vw, 700px\" \/><\/figure>\r\n<\/div>\r\n\r\n\r\n<h3 class=\"wp-block-heading has-text-align-center\"><strong>M88 l\u00e0 m\u1ed9t nh\u00e0 c\u00e1i c\u00f3 gi\u1ea5y ph\u00e9p ho\u1ea1t \u0111\u1ed9ng h\u1ee3p ph\u00e1p<\/strong><\/h3>\r\n\r\n\r\n\r\n<p>Nh\u01b0 c\u00e1c b\u1ea1n c\u0169ng bi\u1ebft, hi\u1ec7n nay c\u00f3 r\u1ea5t nhi\u1ec1u trang c\u00e1i m\u1edf ra ho\u1ea1t \u0111\u1ed9ng nh\u01b0ng ch\u01b0a \u0111\u01b0\u1ee3c c\u1ea5p ph\u00e9p c\u1ee7a li\u00ean hi\u1ec7p s\u00f2ng b\u1ea1c qu\u1ed1c t\u1ebf. V\u00e0 c\u0169ng ch\u01b0a \u0111\u01b0\u1ee3c ch\u1ea5p thu\u1eadn b\u1edfi lu\u1eadt l\u1ec7 c\u1ee7a n\u01b0\u1edbc ta. Do v\u1eady khi b\u1ea1n tham gia nh\u1eefng trang c\u00e1i \u0111\u00f3 r\u1ea5t c\u00f3 th\u1ec3 b\u1ea1n s\u1ebd b\u1ecb l\u1eeba chi\u1ebfm \u0111o\u1ea1t t\u00e0i s\u1ea3n ho\u1eb7c b\u1ea1n s\u1ebd vi ph\u1ea1m lu\u1eadt l\u1ec7 n\u01b0\u1edbc ta.<\/p>\r\n\r\n\r\n\r\n<p>Tuy nhi\u00ean \u0111\u1ebfn v\u1edbi <strong>nh\u00e0 c\u00e1i M88<\/strong> b\u1ea1n c\u00f3 th\u1ec3 ho\u00e0n to\u00e0n y\u00ean t\u00e2m khi tham gia c\u00e1 c\u01b0\u1ee3c t\u1ea1i \u0111\u00e2y. B\u1edfi <strong>ww88<\/strong> \u0111\u00e3 \u0111\u01b0\u1ee3c c\u1ea5p ph\u00e9p ho\u1ea1t \u0111\u1ed9ng kinh doanh l\u0129nh v\u1ef1c c\u00e1 c\u01b0\u1ee3c casino tr\u00ean to\u00e0n Ch\u00e2u \u00c1. T\u1ea1i \u0111\u00e2y ng\u01b0\u1eddi ch\u01a1i kh\u00f4ng ch\u1ec9 \u0111\u01b0\u1ee3c \u0111\u1ea3m b\u1ea3o quy\u1ec1n l\u1ee3i th\u00edch \u0111\u00e1ng. M\u00e0 c\u00f2n v\u00f4 c\u00f9ng an to\u00e0n v\u00e0 \u0111\u01b0\u1ee3c \u0111\u1ea3m b\u1ea3o kh\u00f4ng vi ph\u1ea1m ph\u00e1p lu\u1eadt.<\/p>\r\n\r\n\r\n\r\n<h3 class=\"wp-block-heading has-text-align-center\"><strong>\u0110\u0103ng k\u00fd M88 &#8211; H\u1ec7 th\u1ed1ng an ninh b\u1ea3o m\u1eadt cao<\/strong><\/h3>\r\n\r\n\r\n<div class=\"wp-block-image\">\r\n<figure class=\"aligncenter size-full\"><img loading=\"lazy\" decoding=\"async\" width=\"750\" height=\"366\" class=\"wp-image-469\" src=\"\/wp-content\/uploads\/2023\/10\/M88-nhanh-chong-an-toan-1.webp\" alt=\"H\u1ec7 th\u1ed1ng an ninh b\u1ea3o m\u1eadt cao\" srcset=\"https:\/\/sicilytourist.net\/wp-content\/uploads\/2023\/10\/M88-nhanh-chong-an-toan-1.webp 750w, https:\/\/sicilytourist.net\/wp-content\/uploads\/2023\/10\/M88-nhanh-chong-an-toan-1-300x146.webp 300w, https:\/\/sicilytourist.net\/wp-content\/uploads\/2023\/10\/M88-nhanh-chong-an-toan-1-82x40.webp 82w, https:\/\/sicilytourist.net\/wp-content\/uploads\/2023\/10\/M88-nhanh-chong-an-toan-1-66x32.webp 66w, https:\/\/sicilytourist.net\/wp-content\/uploads\/2023\/10\/M88-nhanh-chong-an-toan-1-164x80.webp 164w, https:\/\/sicilytourist.net\/wp-content\/uploads\/2023\/10\/M88-nhanh-chong-an-toan-1-277x135.webp 277w\" sizes=\"auto, (max-width: 750px) 100vw, 750px\" \/><\/figure>\r\n<\/div>\r\n\r\n\r\n<p>\u0110\u1ebfn v\u1edbi M88 b\u1ea1n s\u1ebd ho\u00e0n to\u00e0n kh\u00f4ng ph\u1ea3i lo l\u1eafng b\u1edfi v\u1ea5n \u0111\u1ec1\u00a0 th\u00f4ng tin c\u00e1 nh\u00e2n b\u1ecb r\u00f2 r\u1ec9 ra b\u00ean ngo\u00e0i. Hay b\u1ecb hacker hack tr\u1ed9m th\u00f4ng tin khi giao d\u1ecbch. V\u1edbi h\u1ec7 th\u1ed1ng b\u1ea3o v\u1ec7, an ninh m\u1ea1ng t\u1ed1i t\u00e2n. Nh\u00e0 c\u00e1i M88 cam k\u1ebft v\u1edbi kh\u00e1ch h\u00e0ng m\u1ecdi th\u00f4ng tin c\u1ee7a kh\u00e1ch h\u00e0ng lu\u00f4n \u0111\u01b0\u1ee3c b\u1ea3o v\u1ec7 v\u00e0 c\u1ea5t gi\u1eef v\u1edbi b\u1ea3o m\u1eadt cao. S\u1ebd kh\u00f4ng th\u1ec3 ai l\u1ea5y c\u1eafp nh\u1eefng th\u00f4ng tin n\u00e0y \u0111\u01b0\u1ee3c.<\/p>\r\n\r\n\r\n\r\n<p>Ch\u00ednh v\u00ec v\u1eady m\u00e0 h\u01a1n ch\u1ee5c n\u0103m nay, kh\u00e1ch h\u00e0ng tham gia ch\u01a1i c\u00e1 c\u01b0\u1ee3c t\u1ea1i M88. Ai c\u0169ng h\u00e0i l\u00f2ng v\u00e0 y\u00ean t\u00e2m khi tham gia vui ch\u01a1i ki\u1ebfm ti\u1ec1n t\u1ea1i \u0111\u00e2y.<\/p>\r\n\r\n\r\n\r\n<h3 class=\"wp-block-heading has-text-align-center\"><strong>H\u1ec7 th\u1ed1ng giao d\u1ecbch M88 nhanh ch\u00f3ng v\u00e0 an to\u00e0n<\/strong><\/h3>\r\n\r\n\r\n\r\n<p>\u0110\u1ec3 n\u00f3i \u0111\u1ebfn h\u1ec7 th\u1ed1ng giao d\u1ecbch b\u00ean <strong>M88<\/strong> th\u00ec b\u1ea1n s\u1ebd th\u1ea5y v\u00f4 c\u00f9ng an to\u00e0n v\u00e0 nhanh ch\u00f3ng. V\u1edbi h\u1ec7 th\u1ed1ng giao d\u1ecbch \u0111\u01b0\u1ee3c \u0111\u1ea7u t\u01b0 r\u1ea5t nhi\u1ec1u ti\u1ec1n, nh\u00e0 c\u00e1i c\u0169ng kh\u00f4ng ng\u1ea1i chi ra r\u1ea5t nhi\u1ec1u ti\u1ec1n \u0111\u1ec3 thi\u1ebft l\u1eadp h\u1ec7 th\u1ed1ng n\u00e0y ng\u00e0y m\u1ed9t t\u00e2n ti\u1ebfn. C\u00f9ng v\u1edbi \u0111\u00f3 v\u1edbi nhi\u1ec1u ph\u01b0\u01a1ng th\u1ee9c, nhi\u1ec1u li\u00ean k\u1ebft ng\u00e2n h\u00e0ng v\u00e0 c\u00e1c h\u1ea1ng m\u1ee5c v\u00ed ti\u1ec1n kh\u00e1c nhau. Gi\u00fap cho ng\u01b0\u1eddi ch\u01a1i c\u00f3 th\u1ec3 d\u1ec5 d\u00e0ng n\u1ea1p v\u00e0 r\u00fat m\u1ed9t c\u00e1ch nhanh ch\u00f3ng.<\/p>\r\n\r\n\r\n\r\n<p>V\u1edbi t\u1ed1c \u0111\u1ed9 x\u1eed l\u00fd nhanh g\u1ecdn, v\u00e0 h\u1ea7u nh\u01b0 kh\u00f4ng c\u00f3 chuy\u1ec7n b\u1ecb t\u1eafc ngh\u1ebdn m\u1ea1ng khi b\u1ea1n \u0111ang giao d\u1ecbch. Ch\u00ednh v\u00ec v\u1eady n\u0103m 2022 nh\u00e0 c\u00e1i M88 \u0111\u01b0\u1ee3c b\u1ea7u ch\u1ecdn l\u00e0 nh\u00e0 c\u00e1i c\u00f3 h\u1ec7 th\u1ed1ng giao d\u1ecbch nhanh nh\u1ea5t. Ngo\u00e0i ra v\u1edbi h\u1ec7 th\u1ed1ng nh\u00e2n vi\u00ean k\u1ef9 thu\u1eadt chuy\u00ean nghi\u1ec7p, l\u00e0m ngh\u1ec1 l\u00e2u n\u0103m. N\u00ean m\u1ed7i giao d\u1ecbch c\u1ee7a kh\u00e1ch h\u00e0ng \u0111\u1ec1u \u0111\u01b0\u1ee3c b\u1ea3o v\u1ec7 c\u1ef1c k\u1ef3 an to\u00e0n.<\/p>\r\n<p><strong>Xem th\u00eam:<\/strong> <a href=\"https:\/\/sicilytourist.net\/dieu-khoan-va-dieu-kien\/\"><strong>https:\/\/sicilytourist.net\/dieu-khoan-va-dieu-kien\/<\/strong><\/a><\/p>\r\n\r\n\r\n\r\n<h3 class=\"wp-block-heading has-text-align-center\"><strong>\u0110\u1ed9i ng\u0169 nh\u00e2n vi\u00ean CSKH chuy\u00ean nghi\u1ec7p v\u00e0 nhi\u1ec7t t\u00ecnh chu \u0111\u00e1o<\/strong><\/h3>\r\n\r\n\r\n<div class=\"wp-block-image\">\r\n<figure class=\"aligncenter size-full\"><img loading=\"lazy\" decoding=\"async\" width=\"732\" height=\"454\" class=\"wp-image-442\" src=\"\/wp-content\/uploads\/2023\/10\/CSKH-M88.webp\" alt=\"\u0110\u1ed9i ng\u0169 nh\u00e2n vi\u00ean CSKH chuy\u00ean nghi\u1ec7p v\u00e0 nhi\u1ec7t t\u00ecnh chu \u0111\u00e1o\" srcset=\"https:\/\/sicilytourist.net\/wp-content\/uploads\/2023\/10\/CSKH-M88.webp 732w, https:\/\/sicilytourist.net\/wp-content\/uploads\/2023\/10\/CSKH-M88-300x186.webp 300w, https:\/\/sicilytourist.net\/wp-content\/uploads\/2023\/10\/CSKH-M88-64x40.webp 64w, https:\/\/sicilytourist.net\/wp-content\/uploads\/2023\/10\/CSKH-M88-52x32.webp 52w, https:\/\/sicilytourist.net\/wp-content\/uploads\/2023\/10\/CSKH-M88-129x80.webp 129w, https:\/\/sicilytourist.net\/wp-content\/uploads\/2023\/10\/CSKH-M88-218x135.webp 218w\" sizes=\"auto, (max-width: 732px) 100vw, 732px\" \/><\/figure>\r\n<\/div>\r\n\r\n\r\n<p>\u0110\u00e2y c\u00f3 l\u1ebd c\u0169ng l\u00e0 m\u1ed9t th\u1ebf m\u1ea1nh c\u1ee7a nh\u00e0 c\u00e1i M88. B\u1edfi t\u1ea5t c\u1ea3 nh\u00e2n vi\u00ean thu\u1ed9c b\u1ed9 ph\u1eadn CSKH \u0111\u1ec1u \u0111\u01b0\u1ee3c \u0111\u00e0o t\u1ea1o b\u00e0i b\u1ea3n v\u00e0 r\u1ea5t nhi\u1ec7t huy\u1ebft trong c\u00f4ng vi\u1ec7c. B\u1ea1n c\u00f3 th\u1ec3 h\u1ecfi v\u00e0 y\u00eau c\u1ea7u gi\u00fap \u0111\u1ee1 b\u1ea5t c\u1ee9 l\u00fac n\u00e0o b\u1ea1n g\u1eb7p kh\u00f3 kh\u0103n. Nh\u00e2n vi\u00ean s\u1ebd tr\u1ea3 l\u1eddi v\u00e0 gi\u00fap \u0111\u1ee1 b\u1ea1n ngay l\u00fac \u0111\u00f3.<\/p>\r\n\r\n\r\n\r\n<h3 class=\"wp-block-heading has-text-align-center\"><strong>Khuy\u1ebfn m\u00e3i M88 \u01b0u \u0111\u00e3i ng\u1eadp tr\u00e0n khi \u0111\u0103ng k\u00fd M88<\/strong><\/h3>\r\n\r\n\r\n\r\n<p>V\u1edbi ti\u00eau ch\u00ed chi\u1ec1u l\u00f2ng kh\u00e1ch h\u00e0ng l\u00e0 m\u1ee5c ti\u00eau ch\u00ednh \u0111\u1ec3 ph\u00e1t tri\u1ec3n c\u1ee7a nh\u00e0 c\u00e1i. V\u00ec v\u1eady nh\u00e0 c<strong>\u00e1i M88<\/strong> lu\u00f4n t\u1ea1o \u0111i\u1ec1u ki\u1ec7n cho kh\u00e1ch h\u00e0ng. \u0110\u1eb7c bi\u1ec7t l\u00e0 nh\u1eefng kh\u00e1ch h\u00e0ng m\u1edbi \u0111\u0103ng k\u00fd M88. B\u1ea1n s\u1ebd \u0111\u01b0\u1ee3c v\u00f4 s\u1ed1 \u01b0u \u0111\u00e3i kh\u1ee7ng nh\u01b0 t\u1eb7ng ngay 88k v\u00e0o t\u00e0i kho\u1ea3n khi \u0111\u0103ng k\u00fd th\u00e0nh c\u00f4ng. T\u1eb7ng ngay 100% gi\u00e1 tr\u1ecb n\u1ea1p khi b\u1ea1n tham gia l\u1ea7n n\u1ea1p \u0111\u1ea7u ti\u00ean\u2026<\/p>\r\n\r\n\r\n\r\n<h2 class=\"wp-block-heading has-text-align-center\"><strong>Khuy\u1ebfn M\u00e3i Hot Nh\u1ea5t Hi\u1ec7n Nay C\u1ee7a M88<\/strong><\/h2>\r\n\r\n\r\n\r\n<p>V\u1edbi t\u1ea5t c\u1ea3 c\u00e1c nh\u00e0 c\u00e1i. Vi\u1ec7c tung ra c\u00e1c ch\u01b0\u01a1ng tr\u00ecnh khuy\u1ebfn m\u00e3i \u0111\u1ec1u chung m\u1ed9t m\u1ee5c \u0111\u00edch. \u0110\u00f3 l\u00e0 thu h\u00fat \u0111\u01b0\u1ee3c nhi\u1ec1u kh\u00e1ch h\u00e0ng h\u01a1n n\u1eefa. V\u00e0 v\u1edbi nh\u00e0 c\u00e1i M88 c\u0169ng v\u1eady. \u0110\u1ec3 thu h\u00fat \u0111\u01b0\u1ee3c kh\u00e1ch h\u00e0ng \u0111\u1ebfn v\u1edbi m\u00ecnh. M88 \u0111\u00e3 \u0111\u00e3 tung ra c\u00e1c ch\u01b0\u01a1ng tr\u00ecnh \u01b0u \u0111\u00e3i v\u00f4 c\u00f9ng h\u1ea5p d\u1eabn. D\u01b0\u1edbi \u0111\u00e2y l\u00e0 m\u1ed9t trong nh\u1eefng khuy\u1ebfn m\u00e3i hot nh\u1ea5t hi\u1ec7n nay c\u1ee7a nh\u00e0 c\u00e1i n\u00e0y.<\/p>\r\n\r\n\r\n\r\n<h3 class=\"wp-block-heading has-text-align-center\"><strong>\u0110\u0103ng k\u00fd t\u1ef1 nh\u1eadn khuy\u1ebfn m\u00e3i nhanh ch\u00f3ng<\/strong><\/h3>\r\n\r\n\r\n<div class=\"wp-block-image\">\r\n<figure class=\"aligncenter size-full\"><img loading=\"lazy\" decoding=\"async\" width=\"750\" height=\"385\" class=\"wp-image-473\" src=\"\/wp-content\/uploads\/2023\/10\/khuyen-mai-m88-11.webp\" alt=\"\u0110\u0103ng k\u00fd t\u1ef1 nh\u1eadn khuy\u1ebfn m\u00e3i nhanh ch\u00f3ng\" srcset=\"https:\/\/sicilytourist.net\/wp-content\/uploads\/2023\/10\/khuyen-mai-m88-11.webp 750w, https:\/\/sicilytourist.net\/wp-content\/uploads\/2023\/10\/khuyen-mai-m88-11-300x154.webp 300w, https:\/\/sicilytourist.net\/wp-content\/uploads\/2023\/10\/khuyen-mai-m88-11-78x40.webp 78w, https:\/\/sicilytourist.net\/wp-content\/uploads\/2023\/10\/khuyen-mai-m88-11-62x32.webp 62w, https:\/\/sicilytourist.net\/wp-content\/uploads\/2023\/10\/khuyen-mai-m88-11-156x80.webp 156w, https:\/\/sicilytourist.net\/wp-content\/uploads\/2023\/10\/khuyen-mai-m88-11-263x135.webp 263w\" sizes=\"auto, (max-width: 750px) 100vw, 750px\" \/><\/figure>\r\n<\/div>\r\n\r\n\r\n<p>\u0110\u1ec3 kh\u00e1ch h\u00e0ng kh\u00f4ng ph\u1ea3i m\u1ea5t qu\u00e1 nhi\u1ec1u th\u1eddi gian trong vi\u1ec7c t\u00ecm ki\u1ebfm c\u00e1c khuy\u1ebfn m\u00e3i ph\u00f9 h\u1ee3p v\u1edbi t\u00e0i kho\u1ea3n c\u1ee7a m\u00ecnh. Nh\u00e0 c\u00e1i \u0111\u00e3 thi\u1ebft k\u1ebf ra m\u1ee5c \u0111\u0103ng k\u00fd t\u1ef1 nh\u1eadn khuy\u1ebfn m\u00e3i cho kh\u00e1ch h\u00e0ng. H\u1ec7 th\u1ed1ng s\u1ebd t\u1ef1 l\u1ecdc ra c\u00e1c khuy\u1ebfn m\u00e3i ph\u00f9 h\u1ee3p nh\u1ea5t cho t\u00e0i kho\u1ea3n ng\u01b0\u1eddi ch\u01a1i. V\u00e0 c\u00e1c \u01b0u \u0111\u00e3i s\u1ebd \u0111\u01b0\u1ee3c g\u1eedi tr\u1ef1c ti\u1ebfp v\u00e0o h\u00f2m th\u01b0 c\u00e1 nh\u00e2n c\u1ee7a t\u1eebng t\u00e0i kho\u1ea3n. Kh\u00e1ch h\u00e0ng ch\u1ec9 c\u1ea7n v\u00e0o m\u1ee5c tin nh\u1eafn v\u00e0 nh\u1eadn th\u01b0\u1edfng.<\/p>\r\n\r\n\r\n\r\n<h3 class=\"wp-block-heading has-text-align-center\"><strong>M\u1ed7i ng\u00e0y k\u00fd t\u00ean v\u00e0 \u0111\u0103ng nh\u1eadp nh\u1eadn ngay qu\u00e0 kh\u1ee7ng<\/strong><\/h3>\r\n\r\n\r\n\r\n<p>Ngo\u00e0i ra nh\u00e0 c\u00e1i c\u00f2n c\u00f3 ch\u01b0\u01a1ng tr\u00ecnh m\u1ed7i ng\u00e0y k\u00fd t\u00ean v\u00e0 \u0111\u0103ng nh\u1eadp. Kh\u00e1ch h\u00e0ng ch\u1ec9 c\u1ea7n h\u00e0ng ng\u00e0y \u0111\u0103ng nh\u1eadp v\u00e0o t\u00e0i kho\u1ea3n game v\u00e0 k\u00fd t\u00ean. Sau \u0111\u00f3 s\u1ebd \u0111\u01b0\u1ee3c nh\u1eadn c\u00e1c m\u00f3n qu\u00e0 kh\u1ee7ng t\u1eeb M88.<\/p>\r\n\r\n\r\n\r\n<h3 class=\"wp-block-heading has-text-align-center\"><strong>Gi\u1edbi thi\u1ec7u b\u1ea1n b\u00e8 nh\u1eadn th\u01b0\u1edfng h\u1ea5p d\u1eabn<\/strong><\/h3>\r\n\r\n\r\n\r\n<p>M\u1ed9t h\u00ecnh th\u1ee9c \u0111\u1ec3 qu\u1ea3ng c\u00e1o cho nh\u00e0 c\u00e1i c\u1ee7a m\u00ecnh n\u1eefa \u0111\u00f3 l\u00e0 ch\u01b0\u01a1ng tr\u00ecnh gi\u1edbi thi\u1ec7u b\u1ea1n b\u00e8 \u0111\u1ec3 nh\u1eadn th\u01b0\u1edfng. C\u00e1c kh\u00e1ch h\u00e0ng c\u1ee7a M88 ch\u1ec9 c\u1ea7n gi\u1edbi thi\u1ec7u b\u1ea1n b\u00e8 \u0111\u0103ng k\u00fd t\u00e0i kho\u1ea3n t\u1ea1i nh\u00e0 c\u00e1i l\u00e0 \u0111\u00e3 \u0111\u01b0\u1ee3c nh\u1eadn nh\u1eefng m\u00f3n qu\u00e0 v\u00f4 c\u00f9ng h\u1ea5p d\u1eabn.<\/p>\r\n\r\n\r\n\r\n<h3 class=\"wp-block-heading has-text-align-center\"><strong>N\u1ea1p ti\u1ec1n t\u1eb7ng ngay 3% m\u1ed7i l\u1ea7n n\u1ea1p trong th\u00e1ng 11<\/strong><\/h3>\r\n\r\n\r\n<div class=\"wp-block-image\">\r\n<figure class=\"aligncenter size-full\"><img loading=\"lazy\" decoding=\"async\" width=\"750\" height=\"345\" class=\"wp-image-472\" src=\"\/wp-content\/uploads\/2023\/10\/khuyen-mai-m88-2-1.webp\" alt=\"khuy\u1ebfn m\u00e3i m88-2\" srcset=\"https:\/\/sicilytourist.net\/wp-content\/uploads\/2023\/10\/khuyen-mai-m88-2-1.webp 750w, https:\/\/sicilytourist.net\/wp-content\/uploads\/2023\/10\/khuyen-mai-m88-2-1-300x138.webp 300w, https:\/\/sicilytourist.net\/wp-content\/uploads\/2023\/10\/khuyen-mai-m88-2-1-87x40.webp 87w, https:\/\/sicilytourist.net\/wp-content\/uploads\/2023\/10\/khuyen-mai-m88-2-1-70x32.webp 70w, https:\/\/sicilytourist.net\/wp-content\/uploads\/2023\/10\/khuyen-mai-m88-2-1-174x80.webp 174w, https:\/\/sicilytourist.net\/wp-content\/uploads\/2023\/10\/khuyen-mai-m88-2-1-293x135.webp 293w\" sizes=\"auto, (max-width: 750px) 100vw, 750px\" \/><\/figure>\r\n<\/div>\r\n\r\n\r\n<p>Trong th\u00e1ng 11 n\u00e0y nh\u00e0 c\u00e1i c\u00f2n tung ra ch\u01b0\u01a1ng tr\u00ecnh khuy\u1ebfn m\u00e3i v\u00f4 c\u00f9ng h\u1ea5p d\u1eabn. \u0110\u00f3 l\u00e0 V\u1edbi t\u1ea5t c\u1ea3 kh\u00e1ch h\u00e0ng c\u1ee7a m\u00ecnh. Ch\u1ec9 c\u1ea7n n\u1ea1p ti\u1ec1n v\u00e0o t\u00e0i kho\u1ea3n game s\u1ebd \u0111\u01b0\u1ee3c t\u1eb7ng ngay 3% gi\u00e1 tr\u1ecb t\u01b0\u01a1ng \u1ee9ng s\u1ed1 ti\u1ec1n n\u1ea1p trong l\u1ea7n n\u1ea1p \u0111\u00f3. \u0110\u00e2y l\u00e0 ch\u01b0\u01a1ng tr\u00ecnh ch\u01b0a t\u1eebng c\u00f3 c\u1ee7a M88.<\/p>\r\n\r\n\r\n\r\n<h3 class=\"wp-block-heading has-text-align-center\"><strong>Ho\u00e0n tr\u1ea3 m\u1ed7i ng\u00e0y l\u00ean \u0111\u1ebfn 2%<\/strong><\/h3>\r\n\r\n\r\n\r\n<p>\u0110\u1ec3 tri \u00e2n kh\u00e1ch h\u00e0ng \u0111\u00e3 tin t\u01b0\u1edfng g\u1eafn b\u00f3 v\u1edbi m\u00ecnh. Nh\u00e0 c\u00e1i c\u00f2n tung ra ch\u01b0\u01a1ng tr\u00ecnh ho\u00e0n tr\u1ea3 ti\u1ec1n c\u01b0\u1ee3c m\u1ed7i ng\u00e0y cho kh\u00e1ch h\u00e0ng c\u1ee7a m\u00ecnh. Gi\u00e1 tr\u1ecb l\u00ean \u0111\u1ebfn 2% s\u1ed1 ti\u1ec1n c\u01b0\u1ee3c. Kh\u00e1ch h\u00e0ng c\u00e0ng ch\u01a1i nhi\u1ec1u th\u00ec s\u1ed1 ti\u1ec1n ho\u00e0n tr\u1ea3 c\u00e0ng l\u1edbn.<\/p>\r\n\r\n\r\n\r\n<h2 class=\"wp-block-heading has-text-align-center\">??<strong>K\u1ebft Lu\u1eadn<\/strong>??<\/h2>\r\n\r\n\r\n\r\n<p>Tr\u00ean \u0111\u00e2y l\u00e0 t\u1ea5t c\u1ea3 nh\u1eefng g\u00ec b\u1ea1n c\u1ea7n n\u1eafm \u0111\u01b0\u1ee3c khi \u0111\u1eb7t ni\u1ec1m tin v\u00e0o M88. Nh\u00e0 c\u00e1i ch\u00fang t\u00f4i s\u1ebd lu\u00f4n \u0111\u1eb7t uy t\u00edn c\u1ee7a m\u00ecnh l\u00ean h\u00e0ng \u0111\u1ea7u. Ch\u00ednh v\u00ec v\u1eady m\u00e0 ng\u01b0\u1eddi ch\u01a1i c\u00f3 th\u1ec3 ho\u00e0n to\u00e0n y\u00ean t\u00e2m \u0111\u0103ng k\u00fd v\u00e0 tr\u1ea3i nghi\u1ec7m t\u1ea5t c\u1ea3 c\u00e1c th\u1ec3 lo\u1ea1i game c\u00e1 c\u01b0\u1ee3c t\u1ea1i \u0111\u00e2y. Ch\u00fang t\u00f4i lu\u00f4n h\u1ee9a s\u1ebd mang l\u1ea1i cho kh\u00e1ch h\u00e0ng nh\u1eefng \u0111i\u1ec1u tuy\u1ec7t v\u1eddi nh\u1ea5t. Mong r\u1eb1ng c\u00e1c b\u1ea1n s\u1ebd lu\u00f4n tin t\u01b0\u1edfng v\u00e0 \u1ee7ng h\u1ed9 v\u00e0 <strong>\u0111\u0103ng k\u00fd M88<\/strong>. Ch\u00fac c\u00e1c b\u1ea1n g\u1eb7p th\u1eadt nhi\u1ec1u may m\u1eafn trong game v\u00e0 c\u1ea3 trong cu\u1ed9c s\u1ed1ng.<\/p>\r\n","protected":false},"excerpt":{"rendered":"<p>\u0110\u0103ng K\u00fd M88 Nh\u1eadn Ngay 88K Trong T\u00e0i Kho\u1ea3n \u0110\u1ec3 c\u00f3 th\u1ec3 nh\u1eadn \u0111\u01b0\u1ee3c 88k trong t\u00e0i kho\u1ea3n, h\u00e3y \u0111\u0103ng k\u00fd M88 ngay trong h\u00f4m nay nh\u00e9. Nh\u00e2n d\u1ecbp k\u1ef7 ni\u1ec7m 10 n\u0103m th\u00e0nh l\u1eadp v\u00e0 ch\u00e0o m\u1eebng ng\u00e0y nh\u00e0 gi\u00e1o 20-11. Nh\u00e0 c\u00e1i M88 \u0111\u01b0a ra r\u1ea5t nhi\u1ec1u \u01b0u \u0111\u00e3i l\u1edbn v\u00e0 khuy\u1ebfn m\u00e3i&#8230;<\/p>\n","protected":false},"author":1,"featured_media":475,"parent":0,"menu_order":0,"comment_status":"closed","ping_status":"closed","template":"","meta":{"_kad_post_transparent":"","_kad_post_title":"","_kad_post_layout":"","_kad_post_sidebar_id":"","_kad_post_content_style":"","_kad_post_vertical_padding":"","_kad_post_feature":"","_kad_post_feature_position":"","_kad_post_header":false,"_kad_post_footer":false,"_kad_post_classname":"","footnotes":""},"class_list":["post-12","page","type-page","status-publish","has-post-thumbnail","hentry"],"_links":{"self":[{"href":"https:\/\/sicilytourist.net\/vi\/wp-json\/wp\/v2\/pages\/12","targetHints":{"allow":["GET"]}}],"collection":[{"href":"https:\/\/sicilytourist.net\/vi\/wp-json\/wp\/v2\/pages"}],"about":[{"href":"https:\/\/sicilytourist.net\/vi\/wp-json\/wp\/v2\/types\/page"}],"author":[{"embeddable":true,"href":"https:\/\/sicilytourist.net\/vi\/wp-json\/wp\/v2\/users\/1"}],"replies":[{"embeddable":true,"href":"https:\/\/sicilytourist.net\/vi\/wp-json\/wp\/v2\/comments?post=12"}],"version-history":[{"count":51,"href":"https:\/\/sicilytourist.net\/vi\/wp-json\/wp\/v2\/pages\/12\/revisions"}],"predecessor-version":[{"id":8547,"href":"https:\/\/sicilytourist.net\/vi\/wp-json\/wp\/v2\/pages\/12\/revisions\/8547"}],"wp:featuredmedia":[{"embeddable":true,"href":"https:\/\/sicilytourist.net\/vi\/wp-json\/wp\/v2\/media\/475"}],"wp:attachment":[{"href":"https:\/\/sicilytourist.net\/vi\/wp-json\/wp\/v2\/media?parent=12"}],"curies":[{"name":"wp","href":"https:\/\/api.w.org\/{rel}","templated":true}]}}